{"id":3251,"date":"2020-10-16T14:31:36","date_gmt":"2020-10-16T12:31:36","guid":{"rendered":"https:\/\/baseball-angers.fr\/?page_id=3251"},"modified":"2020-10-16T14:31:57","modified_gmt":"2020-10-16T12:31:57","slug":"mentions-legales","status":"publish","type":"page","link":"https:\/\/baseball-angers.fr\/index.php\/mentions-legales\/","title":{"rendered":"Mentions l\u00e9gales"},"content":{"rendered":"<div class=\"wp-block-themeisle-blocks-advanced-columns has-1-columns has-desktop-equal-layout has-tablet-equal-layout has-mobile-equal-layout has-default-gap has-vertical-unset\" id=\"wp-block-themeisle-blocks-advanced-columns-40485eb4\"><div class=\"wp-block-themeisle-blocks-advanced-columns-overlay\"><\/div><div class=\"innerblocks-wrap\"><div class=\"wp-block-themeisle-blocks-advanced-column\" id=\"wp-block-themeisle-blocks-advanced-column-253e24fd\"><h1 class=\"wp-block-heading\">Mentions l\u00e9gales<\/h1>\n\n<p>Vous \u00eates actuellement connect\u00e9 au site\u00a0<a href=\"http:\/\/www.cdp49.fr\/\" rel=\"noreferrer noopener\" target=\"_blank\">http:\/\/base-angers.fr\u00a0<\/a>qui est \u00e9dit\u00e9 par Le Eagles Baseball Club. Cette page d\u00e9crit les mentions l\u00e9gales qui s\u2019appliquent \u00e0 tous les visiteurs de ce site.<\/p>\n\n<h3 class=\"wp-block-heading\">Propri\u00e9taire du site<\/h3>\n\n<p>Eagles baseball Club le \u00ab\u00a0SBA\u00a0\u00bb<\/p>\n\n<p>Club de baseball et Softball et baseball 5 sur Angers et son agglom\u00e9ration depuis 1987. Install\u00e9 depuis sa cr\u00e9ation \u00e0<a href=\"http:\/\/www.ville-saint-barthelemy-anjou.fr\/Annuaires\/Annuaire-des-associations\/EAGLES-BASE-BALL-CLUB?uri=%2FSorties-loisirs%2FSports-loisirs%2FAnnuaire-des-associations-sports-et-loisirs%3Fcommunes%3D0%26offset%3D12%26query%3D%26tags%255B0%255D%3DSport%2B%252F%2BLoisirs\" target=\"_blank\" rel=\"noreferrer noopener\"> Saint Barthelemy d&rsquo;Anjou. <\/a><\/p>\n\n<p>Directeur de publication\u00a0: <a href=\"https:\/\/cg2121.fr\/\" target=\"_blank\" rel=\"noreferrer noopener\">Corentin GAGGIONE<\/a> &amp; Julien R\u00e9billard<\/p>\n\n<h3 class=\"wp-block-heading\">H\u00e9bergement<\/h3>\n\n<h1 class=\"wp-block-heading\">OVH<\/h1>\n\n<p>SAS au capital de 10 069 020 \u20ac<br>RCS Lille M\u00e9tropole 424 761 419 00045<br>Code APE 2620Z<br>N\u00b0 TVA&nbsp;: FR 22 424 761 419<br>Si\u00e8ge social&nbsp;: 2 rue Kellermann \u2013 59100 Roubaix \u2013 France<\/p>\n\n<h3 class=\"wp-block-heading\">Contenu du site \u2013 limites de responsabilit\u00e9<\/h3>\n\n<p>Les Eagles s\u2019efforce d\u2019assurer la pertinence et la mise \u00e0 jour des informations diffus\u00e9es sur ce site, et se r\u00e9serve le droit de modifier, \u00e0 tout moment et sans pr\u00e9avis, le contenu ou la pr\u00e9sentation. Il ne peut cependant en garantir l\u2019absence de modification par un tiers (intrusion, virus).<\/p>\n\n<h3 class=\"wp-block-heading\">Utilisation des donn\u00e9es du site<\/h3>\n\n<p>Les contenus de ce site sont prot\u00e9g\u00e9s par des droits d\u2019auteurs. Vous devez contacter imp\u00e9rativement\u00a0L&rsquo;association\u00a0avant tout usage de ses \u00e9l\u00e9ments (textes, photos, \u00e9l\u00e9ments graphiques).<\/p>\n\n<h3 class=\"wp-block-heading\">Cookie<\/h3>\n\n<p>L\u2019utilisateur est inform\u00e9 que lors de ses visites sur le site, un cookie peut s\u2019installer automatiquement et \u00eatre conserv\u00e9 temporairement sur son ordinateur. Un cookie est un \u00e9l\u00e9ment qui ne permet pas d\u2019identifier l\u2019utilisateur mais qui sert \u00e0 l\u2019enregistrement d\u2019informations relatives \u00e0 la navigation de celui-ci sur le site Internet.<\/p>\n\n<p>Les utilisateurs du site reconnaissent avoir \u00e9t\u00e9 inform\u00e9s de cette pratique et autorisent <strong>L&rsquo;association Eagles baseball club<\/strong> \u00e0 l\u2019employer. Ils pourront d\u00e9sactiver ce cookie par l\u2019interm\u00e9diaire des param\u00e8tres figurant au sein de leur logiciel de navigation.<\/p>\n\n<h3 class=\"wp-block-heading\">RGPD<\/h3>\n\n<p>Soucieuse du respect de la vie priv\u00e9e des internautes, les Eagles , s\u2019engage \u00e0 ce que la collecte et le traitement d\u2019informations \u00e0 caract\u00e8re personnel soient effectu\u00e9s conform\u00e9ment au R\u00e8glement UE n\u00b02016\/679 du Parlement Europ\u00e9en et du Conseil du 27 avril 2016 relatif \u00e0 la Protection des Personnes Physique \u00e0 l\u2019\u00e9gard du traitement des donn\u00e9es \u00e0 caract\u00e8re personnel et \u00e0 la libre circulation de ces donn\u00e9es ci-apr\u00e8s \u00ab\u00a0RGPD\u00a0\u00bb et \u00e0 l\u2019ensemble des dispositions de la r\u00e9glementation fran\u00e7aise applicable en la mati\u00e8re.<\/p>\n\n<p><a href=\"https:\/\/cg2121.fr\/contact\/\">Pour toute d\u00e9marche nous contacter&nbsp;<\/a><\/p><\/div><\/div><\/div>","protected":false},"excerpt":{"rendered":"","protected":false},"author":2,"featured_media":0,"parent":0,"menu_order":0,"comment_status":"closed","ping_status":"closed","template":"","meta":{"footnotes":""},"class_list":["post-3251","page","type-page","status-publish","hentry"],"yoast_head":"<!-- This site is optimized with the Yoast SEO plugin v24.4 - https:\/\/yoast.com\/wordpress\/plugins\/seo\/ -->\n<title>Mentions l\u00e9gales - Eagles Baseball Club<\/title>\n<meta name=\"robots\" content=\"index, follow, max-snippet:-1, max-image-preview:large, max-video-preview:-1\" \/>\n<link rel=\"canonical\" href=\"https:\/\/baseball-angers.fr\/index.php\/mentions-legales\/\" \/>\n<meta property=\"og:locale\" content=\"fr_FR\" \/>\n<meta property=\"og:type\" content=\"article\" \/>\n<meta property=\"og:title\" content=\"Mentions l\u00e9gales - Eagles Baseball Club\" \/>\n<meta property=\"og:url\" content=\"https:\/\/baseball-angers.fr\/index.php\/mentions-legales\/\" \/>\n<meta property=\"og:site_name\" content=\"Eagles Baseball Club\" \/>\n<meta property=\"article:modified_time\" content=\"2020-10-16T12:31:57+00:00\" \/>\n<meta name=\"twitter:card\" content=\"summary_large_image\" \/>\n<meta name=\"twitter:label1\" content=\"Dur\u00e9e de lecture estim\u00e9e\" \/>\n\t<meta name=\"twitter:data1\" content=\"2 minutes\" \/>\n<script type=\"application\/ld+json\" class=\"yoast-schema-graph\">{\"@context\":\"https:\/\/schema.org\",\"@graph\":[{\"@type\":\"WebPage\",\"@id\":\"https:\/\/baseball-angers.fr\/index.php\/mentions-legales\/\",\"url\":\"https:\/\/baseball-angers.fr\/index.php\/mentions-legales\/\",\"name\":\"Mentions l\u00e9gales - Eagles Baseball Club\",\"isPartOf\":{\"@id\":\"https:\/\/baseball-angers.fr\/#website\"},\"datePublished\":\"2020-10-16T12:31:36+00:00\",\"dateModified\":\"2020-10-16T12:31:57+00:00\",\"breadcrumb\":{\"@id\":\"https:\/\/baseball-angers.fr\/index.php\/mentions-legales\/#breadcrumb\"},\"inLanguage\":\"fr-FR\",\"potentialAction\":[{\"@type\":\"ReadAction\",\"target\":[\"https:\/\/baseball-angers.fr\/index.php\/mentions-legales\/\"]}]},{\"@type\":\"BreadcrumbList\",\"@id\":\"https:\/\/baseball-angers.fr\/index.php\/mentions-legales\/#breadcrumb\",\"itemListElement\":[{\"@type\":\"ListItem\",\"position\":1,\"name\":\"Accueil\",\"item\":\"https:\/\/baseball-angers.fr\/\"},{\"@type\":\"ListItem\",\"position\":2,\"name\":\"Mentions l\u00e9gales\"}]},{\"@type\":\"WebSite\",\"@id\":\"https:\/\/baseball-angers.fr\/#website\",\"url\":\"https:\/\/baseball-angers.fr\/\",\"name\":\"Eagles Baseball Club\",\"description\":\"Le baseball Angevin depuis 1987\",\"publisher\":{\"@id\":\"https:\/\/baseball-angers.fr\/#organization\"},\"potentialAction\":[{\"@type\":\"SearchAction\",\"target\":{\"@type\":\"EntryPoint\",\"urlTemplate\":\"https:\/\/baseball-angers.fr\/?s={search_term_string}\"},\"query-input\":{\"@type\":\"PropertyValueSpecification\",\"valueRequired\":true,\"valueName\":\"search_term_string\"}}],\"inLanguage\":\"fr-FR\"},{\"@type\":\"Organization\",\"@id\":\"https:\/\/baseball-angers.fr\/#organization\",\"name\":\"Eagles Baseball Club\",\"url\":\"https:\/\/baseball-angers.fr\/\",\"logo\":{\"@type\":\"ImageObject\",\"inLanguage\":\"fr-FR\",\"@id\":\"https:\/\/baseball-angers.fr\/#\/schema\/logo\/image\/\",\"url\":\"https:\/\/baseball-angers.fr\/wp-content\/uploads\/2019\/10\/cropped-LOGO-COMPLET-alpha-copie-2.png\",\"contentUrl\":\"https:\/\/baseball-angers.fr\/wp-content\/uploads\/2019\/10\/cropped-LOGO-COMPLET-alpha-copie-2.png\",\"width\":3189,\"height\":2394,\"caption\":\"Eagles Baseball Club\"},\"image\":{\"@id\":\"https:\/\/baseball-angers.fr\/#\/schema\/logo\/image\/\"}}]}<\/script>\n<!-- \/ Yoast SEO plugin. -->","yoast_head_json":{"title":"Mentions l\u00e9gales - Eagles Baseball Club","robots":{"index":"index","follow":"follow","max-snippet":"max-snippet:-1","max-image-preview":"max-image-preview:large","max-video-preview":"max-video-preview:-1"},"canonical":"https:\/\/baseball-angers.fr\/index.php\/mentions-legales\/","og_locale":"fr_FR","og_type":"article","og_title":"Mentions l\u00e9gales - Eagles Baseball Club","og_url":"https:\/\/baseball-angers.fr\/index.php\/mentions-legales\/","og_site_name":"Eagles Baseball Club","article_modified_time":"2020-10-16T12:31:57+00:00","twitter_card":"summary_large_image","twitter_misc":{"Dur\u00e9e de lecture estim\u00e9e":"2 minutes"},"schema":{"@context":"https:\/\/schema.org","@graph":[{"@type":"WebPage","@id":"https:\/\/baseball-angers.fr\/index.php\/mentions-legales\/","url":"https:\/\/baseball-angers.fr\/index.php\/mentions-legales\/","name":"Mentions l\u00e9gales - Eagles Baseball Club","isPartOf":{"@id":"https:\/\/baseball-angers.fr\/#website"},"datePublished":"2020-10-16T12:31:36+00:00","dateModified":"2020-10-16T12:31:57+00:00","breadcrumb":{"@id":"https:\/\/baseball-angers.fr\/index.php\/mentions-legales\/#breadcrumb"},"inLanguage":"fr-FR","potentialAction":[{"@type":"ReadAction","target":["https:\/\/baseball-angers.fr\/index.php\/mentions-legales\/"]}]},{"@type":"BreadcrumbList","@id":"https:\/\/baseball-angers.fr\/index.php\/mentions-legales\/#breadcrumb","itemListElement":[{"@type":"ListItem","position":1,"name":"Accueil","item":"https:\/\/baseball-angers.fr\/"},{"@type":"ListItem","position":2,"name":"Mentions l\u00e9gales"}]},{"@type":"WebSite","@id":"https:\/\/baseball-angers.fr\/#website","url":"https:\/\/baseball-angers.fr\/","name":"Eagles Baseball Club","description":"Le baseball Angevin depuis 1987","publisher":{"@id":"https:\/\/baseball-angers.fr\/#organization"},"potentialAction":[{"@type":"SearchAction","target":{"@type":"EntryPoint","urlTemplate":"https:\/\/baseball-angers.fr\/?s={search_term_string}"},"query-input":{"@type":"PropertyValueSpecification","valueRequired":true,"valueName":"search_term_string"}}],"inLanguage":"fr-FR"},{"@type":"Organization","@id":"https:\/\/baseball-angers.fr\/#organization","name":"Eagles Baseball Club","url":"https:\/\/baseball-angers.fr\/","logo":{"@type":"ImageObject","inLanguage":"fr-FR","@id":"https:\/\/baseball-angers.fr\/#\/schema\/logo\/image\/","url":"https:\/\/baseball-angers.fr\/wp-content\/uploads\/2019\/10\/cropped-LOGO-COMPLET-alpha-copie-2.png","contentUrl":"https:\/\/baseball-angers.fr\/wp-content\/uploads\/2019\/10\/cropped-LOGO-COMPLET-alpha-copie-2.png","width":3189,"height":2394,"caption":"Eagles Baseball Club"},"image":{"@id":"https:\/\/baseball-angers.fr\/#\/schema\/logo\/image\/"}}]}},"jetpack_sharing_enabled":true,"jetpack_likes_enabled":true,"_links":{"self":[{"href":"https:\/\/baseball-angers.fr\/index.php\/wp-json\/wp\/v2\/pages\/3251"}],"collection":[{"href":"https:\/\/baseball-angers.fr\/index.php\/wp-json\/wp\/v2\/pages"}],"about":[{"href":"https:\/\/baseball-angers.fr\/index.php\/wp-json\/wp\/v2\/types\/page"}],"author":[{"embeddable":true,"href":"https:\/\/baseball-angers.fr\/index.php\/wp-json\/wp\/v2\/users\/2"}],"replies":[{"embeddable":true,"href":"https:\/\/baseball-angers.fr\/index.php\/wp-json\/wp\/v2\/comments?post=3251"}],"version-history":[{"count":1,"href":"https:\/\/baseball-angers.fr\/index.php\/wp-json\/wp\/v2\/pages\/3251\/revisions"}],"predecessor-version":[{"id":3253,"href":"https:\/\/baseball-angers.fr\/index.php\/wp-json\/wp\/v2\/pages\/3251\/revisions\/3253"}],"wp:attachment":[{"href":"https:\/\/baseball-angers.fr\/index.php\/wp-json\/wp\/v2\/media?parent=3251"}],"curies":[{"name":"wp","href":"https:\/\/api.w.org\/{rel}","templated":true}]}}